{"id":4621,"date":"2021-05-17T16:08:20","date_gmt":"2021-05-17T19:08:20","guid":{"rendered":"https:\/\/lojatendencia.com.br\/?page_id=4621"},"modified":"2023-02-26T14:52:22","modified_gmt":"2023-02-26T17:52:22","slug":"about-3","status":"publish","type":"page","link":"https:\/\/lojatendencia.com.br\/index.php\/about-3\/","title":{"rendered":"Sobre n\u00f3s"},"content":{"rendered":"\n<h1 class=\"wp-block-heading\">Sobre n\u00f3s<\/h1>\n\n\n\n<p> <\/p>\n\n\n\n<p>A Tend\u00eancia nasceu em 1996, sendo que a partir de 1999 se estabeleceu na Rua 25 de Mar\u00e7o, se especializando em pe\u00e7as de montagem de bijuterias. Em meados dos anos 2000 focou no mercado de pe\u00e7as de fundi\u00e7\u00e3o de zamac, tendo sido uma das pioneiras na regi\u00e3o.<\/p>\n\n\n\n<p>A partir de julho de 2020 mudamos nosso modelo de neg\u00f3cios e passamos a atuar sem loja f\u00edsica, com contato principal pelo WhatsApp.<\/p>\n","protected":false},"excerpt":{"rendered":"<p>Sobre n\u00f3s A Tend\u00eancia nasceu em 1996, sendo que a partir de 1999 se estabeleceu na Rua 25 de Mar\u00e7o, se especializando em pe\u00e7as de montagem de bijuterias. Em meados dos anos 2000 focou no mercado de pe\u00e7as de fundi\u00e7\u00e3o de zamac, tendo sido uma das pioneiras na regi\u00e3o. A partir de julho de 2020 [&hellip;]<\/p>\n","protected":false},"author":1,"featured_media":0,"parent":0,"menu_order":0,"comment_status":"closed","ping_status":"closed","template":"","meta":{"site-sidebar-layout":"no-sidebar","site-content-layout":"page-builder","ast-site-content-layout":"default","site-content-style":"default","site-sidebar-style":"default","ast-global-header-display":"","ast-banner-title-visibility":"","ast-main-header-display":"","ast-hfb-above-header-display":"","ast-hfb-below-header-display":"","ast-hfb-mobile-header-display":"","site-post-title":"disabled","ast-breadcrumbs-content":"","ast-featured-img":"disabled","footer-sml-layout":"","theme-transparent-header-meta":"enabled","adv-header-id-meta":"","stick-header-meta":"","header-above-stick-meta":"","header-main-stick-meta":"","header-below-stick-meta":"","astra-migrate-meta-layouts":"default","ast-page-background-enabled":"default","ast-page-background-meta":{"desktop":{"background-color":"","background-image":"","background-repeat":"repeat","background-position":"center center","background-size":"auto","background-attachment":"scroll","background-type":"","background-media":"","overlay-type":"","overlay-color":"","overlay-opacity":"","overlay-gradient":""},"tablet":{"background-color":"","background-image":"","background-repeat":"repeat","background-position":"center center","background-size":"auto","background-attachment":"scroll","background-type":"","background-media":"","overlay-type":"","overlay-color":"","overlay-opacity":"","overlay-gradient":""},"mobile":{"background-color":"","background-image":"","background-repeat":"repeat","background-position":"center center","background-size":"auto","background-attachment":"scroll","background-type":"","background-media":"","overlay-type":"","overlay-color":"","overlay-opacity":"","overlay-gradient":""}},"ast-content-background-meta":{"desktop":{"background-color":"var(--ast-global-color-5)","background-image":"","background-repeat":"repeat","background-position":"center center","background-size":"auto","background-attachment":"scroll","background-type":"","background-media":"","overlay-type":"","overlay-color":"","overlay-opacity":"","overlay-gradient":""},"tablet":{"background-color":"var(--ast-global-color-5)","background-image":"","background-repeat":"repeat","background-position":"center center","background-size":"auto","background-attachment":"scroll","background-type":"","background-media":"","overlay-type":"","overlay-color":"","overlay-opacity":"","overlay-gradient":""},"mobile":{"background-color":"var(--ast-global-color-5)","background-image":"","background-repeat":"repeat","background-position":"center center","background-size":"auto","background-attachment":"scroll","background-type":"","background-media":"","overlay-type":"","overlay-color":"","overlay-opacity":"","overlay-gradient":""}},"footnotes":""},"folder":[],"class_list":["post-4621","page","type-page","status-publish","hentry"],"_links":{"self":[{"href":"https:\/\/lojatendencia.com.br\/index.php\/wp-json\/wp\/v2\/pages\/4621","targetHints":{"allow":["GET"]}}],"collection":[{"href":"https:\/\/lojatendencia.com.br\/index.php\/wp-json\/wp\/v2\/pages"}],"about":[{"href":"https:\/\/lojatendencia.com.br\/index.php\/wp-json\/wp\/v2\/types\/page"}],"author":[{"embeddable":true,"href":"https:\/\/lojatendencia.com.br\/index.php\/wp-json\/wp\/v2\/users\/1"}],"replies":[{"embeddable":true,"href":"https:\/\/lojatendencia.com.br\/index.php\/wp-json\/wp\/v2\/comments?post=4621"}],"version-history":[{"count":3,"href":"https:\/\/lojatendencia.com.br\/index.php\/wp-json\/wp\/v2\/pages\/4621\/revisions"}],"predecessor-version":[{"id":5587,"href":"https:\/\/lojatendencia.com.br\/index.php\/wp-json\/wp\/v2\/pages\/4621\/revisions\/5587"}],"wp:attachment":[{"href":"https:\/\/lojatendencia.com.br\/index.php\/wp-json\/wp\/v2\/media?parent=4621"}],"wp:term":[{"taxonomy":"folder","embeddable":true,"href":"https:\/\/lojatendencia.com.br\/index.php\/wp-json\/wp\/v2\/folder?post=4621"}],"curies":[{"name":"wp","href":"https:\/\/api.w.org\/{rel}","templated":true}]}}